{"id":891,"date":"2019-06-13T12:10:39","date_gmt":"2019-06-13T10:10:39","guid":{"rendered":"https:\/\/lesmartsitting.fr\/blog\/?page_id=891"},"modified":"2019-07-03T16:42:33","modified_gmt":"2019-07-03T14:42:33","slug":"nounou-top-le-smartsitting-garde-denfant","status":"publish","type":"page","link":"https:\/\/lesmartsitting.fr\/blog\/nounou-top-le-smartsitting-garde-denfant\/","title":{"rendered":"Nounou top : Le Smartsitting, votre solution de garde d&rsquo;enfants"},"content":{"rendered":"\n<p class=\"has-drop-cap has-medium-font-size\">Comme Marine, cette nounou top, trouvez la perle rare pour vos enfants. Au programme : de la musique, du cin\u00e9ma, du dessin ou bien encore des langues. Et tout ce la se passe \u00e0 la maison, apr\u00e8s l&rsquo;\u00e9cole ou les mercredis apr\u00e8s-midi.<\/p>\n\n\n\n<figure class=\"wp-block-embed-youtube aligncenter wp-block-embed is-type-video is-provider-youtube wp-embed-aspect-16-9 wp-has-aspect-ratio\"><div class=\"wp-block-embed__wrapper\">\n<div class=\"iframe-video\"><iframe title=\"Nounou top Marine smartsitter ou babysitter cr\u00e9ative\" width=\"1200\" height=\"675\" src=\"https:\/\/www.youtube.com\/embed\/Z_tJgCWibVs?feature=oembed\" frameborder=\"0\" allow=\"accelerometer; autoplay; encrypted-media; gyroscope; picture-in-picture\" allowfullscreen><\/iframe><\/div>\n<\/div><figcaption>La nounou top de Tiago et Lucas : Marine, une smartsitter cr\u00e9ative et passionn\u00e9e<\/figcaption><\/figure>\n\n\n\n<div class=\"wp-block-button aligncenter\"><a class=\"wp-block-button__link has-text-color has-background\" href=\"https:\/\/lesmartsitting.fr\/mon-contact?utm_source=landing_nounou-top&amp;utm_medium=cta&amp;utm_campaign=prospectionFAM_juin19&amp;utm_content=cta_1\" style=\"background-color:#d4006b;color:#ffffff\">Trouvez votre nounou top<\/a><\/div>\n\n\n\n<hr class=\"wp-block-separator\"\/>\n\n\n\n<h2 class=\"wp-block-heading\" style=\"text-align:center\">Comment trouver une nounou top avec Le Smartsitting ?<\/h2>\n\n\n\n<div class=\"wp-block-columns has-2-columns is-layout-flex wp-container-core-columns-is-layout-9d6595d7 wp-block-columns-is-layout-flex\">\n<div class=\"wp-block-column is-layout-flow wp-block-column-is-layout-flow\">\n<div class=\"wp-block-columns has-2-columns is-layout-flex wp-container-core-columns-is-layout-9d6595d7 wp-block-columns-is-layout-flex\">\n<div class=\"wp-block-column is-layout-flow wp-block-column-is-layout-flow\">\n<div class=\"wp-block-image\"><figure class=\"aligncenter is-resized\"><img decoding=\"async\" src=\"https:\/\/lesmartsitting.fr\/blog\/wp-content\/uploads\/2019\/06\/1.png\" alt=\"nounou top avec Le Smartsitting gardes d'enfants cr\u00e9atives \u00e0 Paris musique, dessin, aide aux devoirs, anglais\" class=\"wp-image-925\" width=\"100\" height=\"72\"\/><figcaption>Musique, art, aide aux devoirs, anglais &#8230;<\/figcaption><\/figure><\/div>\n\n\n\n<p>Choisissez d&rsquo;abord le talent que vous souhaitez pour vos enfants<\/p>\n<\/div>\n\n\n\n<div class=\"wp-block-column is-layout-flow wp-block-column-is-layout-flow\">\n<div class=\"wp-block-image\"><figure class=\"aligncenter is-resized\"><img decoding=\"async\" src=\"https:\/\/lesmartsitting.fr\/blog\/wp-content\/uploads\/2019\/06\/2.png\" alt=\"nounou top avec Le Smartsitting gardes d'enfants cr\u00e9atives \u00e0 Paris p\u00e9riscolaire apr\u00e8s l'\u00e9cole mercredi\" class=\"wp-image-926\" width=\"100\" height=\"100\"\/><figcaption>Apr\u00e8s l&rsquo;\u00e9cole, mercredis, vacances<\/figcaption><\/figure><\/div>\n\n\n\n<p>D\u00e9taillez ensuite votre besoin et recevez un devis gratuit<\/p>\n<\/div>\n<\/div>\n<\/div>\n\n\n\n<div class=\"wp-block-column is-layout-flow wp-block-column-is-layout-flow\">\n<div class=\"wp-block-columns has-2-columns is-layout-flex wp-container-core-columns-is-layout-9d6595d7 wp-block-columns-is-layout-flex\">\n<div class=\"wp-block-column is-layout-flow wp-block-column-is-layout-flow\">\n<div class=\"wp-block-image\"><figure class=\"aligncenter is-resized\"><img decoding=\"async\" src=\"https:\/\/lesmartsitting.fr\/blog\/wp-content\/uploads\/2019\/06\/3.png\" alt=\"nounou top avec Le Smartsitting gardes d'enfants cr\u00e9atives \u00e0 Paris devis gratuit pas de frais de dossier\" class=\"wp-image-927\" width=\"100\" height=\"100\"\/><figcaption>S\u00e9lection de la perle rare par l&rsquo;\u00e9quipe matching<\/figcaption><\/figure><\/div>\n\n\n\n<p>Lancez la recherche d&rsquo;un smartsitter gratuitement et sans engagement  <\/p>\n<\/div>\n\n\n\n<div class=\"wp-block-column is-layout-flow wp-block-column-is-layout-flow\">\n<div class=\"wp-block-image\"><figure class=\"aligncenter is-resized\"><img loading=\"lazy\" decoding=\"async\" src=\"https:\/\/lesmartsitting.fr\/blog\/wp-content\/uploads\/2019\/06\/4.png\" alt=\"nounou top avec Le Smartsitting gardes d'enfants cr\u00e9atives \u00e0 Paris trouver vite rapidement une babysitter\" class=\"wp-image-928\" width=\"100\" height=\"100\"\/><figcaption>Rencontre du smartsitter s\u00e9lectionn\u00e9<\/figcaption><\/figure><\/div>\n\n\n\n<p>Enfin, rencontrez une nounou top. Les gardes peuvent alors commencer !  <\/p>\n<\/div>\n<\/div>\n\n\n\n<p><\/p>\n<\/div>\n<\/div>\n\n\n\n<div class=\"wp-block-button aligncenter\"><a class=\"wp-block-button__link has-text-color has-background\" href=\"https:\/\/lesmartsitting.fr\/mon-contact?utm_source=landing_nounou-top&amp;utm_medium=cta&amp;utm_campaign=prospectionFAM_juin19&amp;utm_content=cta_2\" style=\"background-color:#d4006b;color:#ffffff\">Votre devis GRATUIT<\/a><\/div>\n\n\n\n<hr class=\"wp-block-separator\"\/>\n\n\n\n<h2 class=\"wp-block-heading\" style=\"text-align:center\">Que disent les parents \u00e0 propos du Smartsitting ?<\/h2>\n\n\n\n<blockquote class=\"wp-block-quote custom-article-blockquote is-style-default is-layout-flow wp-block-quote-is-layout-flow\"><p>\u00ab\u00a0Les smartsitters que nous avons eu s&rsquo;efforcent \u00e0 chaque garde de trouver des nouvelles activit\u00e9s \u00e0 faire avec eux, tout en respectant le rythme des enfants qui ont parfois besoin de s&rsquo;a\u00e9rer aussi \u00e0 la sortie de l&rsquo;\u00e9cole.\u00a0\u00bb<\/p><cite>Antoine, papa de deux gar\u00e7ons de 7 et 5 ans<\/cite><\/blockquote>\n\n\n\n<blockquote class=\"wp-block-quote custom-article-blockquote is-style-default is-layout-flow wp-block-quote-is-layout-flow\"><p>\u00ab\u00a0Avec Emma, notre smartsitter, Baptiste a fabriqu\u00e9 plein de belles choses cette ann\u00e9e. Mais ce qui \u00e9tait le plus chouette, c&rsquo;\u00e9tait de les entendre rigoler et chanter tous les deux en rentrant. \u00ab\u00a0<\/p><cite>Valentine, maman de Baptiste 4 ans et demi<\/cite><\/blockquote>\n\n\n\n<blockquote class=\"wp-block-quote custom-article-blockquote is-style-default is-layout-flow wp-block-quote-is-layout-flow\"><p>\u00ab\u00a0Pour nous tout a \u00e9t\u00e9 tr\u00e8s simple et rapide. L&rsquo;\u00e9quipe est dynamique et tr\u00e8s \u00e0 l&rsquo;\u00e9coute. D\u00e8s que nous avons des questions, nous pouvons les joindre facilement. \u00ab\u00a0<\/p><cite>Justine, maman de trois de 3, 6 et 8 ans<\/cite><\/blockquote>\n\n\n\n<hr class=\"wp-block-separator\"\/>\n\n\n\n<h2 class=\"wp-block-heading\" style=\"text-align:center\">Besoin d&rsquo;une nounou top pour la rentr\u00e9e 2018\/2019 ?<\/h2>\n\n\n\n<div class=\"wp-block-media-text alignwide is-stacked-on-mobile\" style=\"grid-template-columns:20% auto\"><figure class=\"wp-block-media-text__media\"><img loading=\"lazy\" decoding=\"async\" width=\"500\" height=\"500\" src=\"https:\/\/lesmartsitting.fr\/blog\/wp-content\/uploads\/2019\/06\/Le-Smartsitting-gardes-denfants-cr\u00e9atives-et-montessori-\u00e0-paris-pour-la-rentr\u00e9e-appelez-maxime.jpg\" alt=\"Le Smartsitting gardes denfants cr\u00e9atives et montessori \u00e0 parsi pour-la-rentr\u00e9e appelez maxime.jpg\" class=\"wp-image-934\"\/><\/figure><div class=\"wp-block-media-text__content\">\n<p>Vous souhaitez \u00e9changer avec un membre de l&rsquo;\u00e9quipe avant de lancer la recherche sans frais et sans engagement ? <\/p>\n\n\n\n<p>Alors, programmez en quelques clics un rendez-vous avec Maxime et faites-vous rappeler. <\/p>\n<\/div><\/div>\n\n\n\n<div class=\"wp-block-button aligncenter\"><a class=\"wp-block-button__link has-text-color has-background\" href=\"https:\/\/calendly.com\/lesmartistting\/lesmartsittingetvous\" style=\"background-color:#d4006b;color:#ffffff\">Faites-vous rappeler<\/a><\/div>\n\n\n\n<p><\/p>\n","protected":false},"excerpt":{"rendered":"<p>Comme Marine, cette nounou top, trouvez la perle rare pour vos enfants. Au programme : de la musique, du cin\u00e9ma, du dessin ou bien encore des langues. Et tout ce la se passe \u00e0 la maison, apr\u00e8s l&rsquo;\u00e9cole ou les mercredis apr\u00e8s-midi. Comment trouver une<\/p>\n<p class=\"entry-excerpt-more\"><a class=\"read-more\" href=\"https:\/\/lesmartsitting.fr\/blog\/nounou-top-le-smartsitting-garde-denfant\/\">Read More <i class=\"fa fa-long-arrow-right\"><\/i><\/a><\/p>\n","protected":false},"author":1,"featured_media":0,"parent":0,"menu_order":0,"comment_status":"closed","ping_status":"closed","template":"template-full.php","meta":{"_exactmetrics_skip_tracking":false,"_exactmetrics_sitenote_active":false,"_exactmetrics_sitenote_note":"","_exactmetrics_sitenote_category":0,"footnotes":""},"class_list":["post-891","page","type-page","status-publish","hentry"],"yoast_head":"<!-- This site is optimized with the Yoast SEO plugin v27.4 - https:\/\/yoast.com\/product\/yoast-seo-wordpress\/ -->\n<title>Nounou top : Le Smartsitting, votre solution de garde d&#039;enfants<\/title>\n<meta name=\"description\" content=\"Le Smartsitting - garde d&#039;enfants et babysitting cr\u00e9atif et Montessori, vous trouve la nounou top. Dessin, musique, anglais ou aide aux devoirs \u00e0 la maison.\" \/>\n<meta name=\"robots\" content=\"index, follow, max-snippet:-1, max-image-preview:large, max-video-preview:-1\" \/>\n<link rel=\"canonical\" href=\"https:\/\/lesmartsitting.fr\/blog\/nounou-top-le-smartsitting-garde-denfant\/\" \/>\n<meta property=\"og:locale\" content=\"fr_FR\" \/>\n<meta property=\"og:type\" content=\"article\" \/>\n<meta property=\"og:title\" content=\"Le Smartsitting garde d&#039;enfant et babysitting cr\u00e9atif \u00e0 domicile\" \/>\n<meta property=\"og:description\" content=\"Trouvez un smartsitter cr\u00e9atif pour la rentr\u00e9e 2018\/2019 pour des gardes apr\u00e8s l&#039;\u00e9cole \u00e0 la maison.\" \/>\n<meta property=\"og:url\" content=\"https:\/\/lesmartsitting.fr\/blog\/nounou-top-le-smartsitting-garde-denfant\/\" \/>\n<meta property=\"og:site_name\" content=\"Le blog du babysitting\" \/>\n<meta property=\"article:modified_time\" content=\"2019-07-03T14:42:33+00:00\" \/>\n<meta property=\"og:image\" content=\"https:\/\/lesmartsitting.fr\/blog\/wp-content\/uploads\/2019\/06\/Nounou-top-Marine-Smartsitter.png\" \/>\n\t<meta property=\"og:image:width\" content=\"1257\" \/>\n\t<meta property=\"og:image:height\" content=\"650\" \/>\n\t<meta property=\"og:image:type\" content=\"image\/png\" \/>\n<meta name=\"twitter:card\" content=\"summary_large_image\" \/>\n<meta name=\"twitter:label1\" content=\"Dur\u00e9e de lecture estim\u00e9e\" \/>\n\t<meta name=\"twitter:data1\" content=\"2 minutes\" \/>\n<script type=\"application\/ld+json\" class=\"yoast-schema-graph\">{\"@context\":\"https:\\\/\\\/schema.org\",\"@graph\":[{\"@type\":\"WebPage\",\"@id\":\"https:\\\/\\\/lesmartsitting.fr\\\/blog\\\/nounou-top-le-smartsitting-garde-denfant\\\/\",\"url\":\"https:\\\/\\\/lesmartsitting.fr\\\/blog\\\/nounou-top-le-smartsitting-garde-denfant\\\/\",\"name\":\"Nounou top : Le Smartsitting, votre solution de garde d'enfants\",\"isPartOf\":{\"@id\":\"https:\\\/\\\/lesmartsitting.fr\\\/blog\\\/#website\"},\"primaryImageOfPage\":{\"@id\":\"https:\\\/\\\/lesmartsitting.fr\\\/blog\\\/nounou-top-le-smartsitting-garde-denfant\\\/#primaryimage\"},\"image\":{\"@id\":\"https:\\\/\\\/lesmartsitting.fr\\\/blog\\\/nounou-top-le-smartsitting-garde-denfant\\\/#primaryimage\"},\"thumbnailUrl\":\"https:\\\/\\\/lesmartsitting.fr\\\/blog\\\/wp-content\\\/uploads\\\/2019\\\/06\\\/1.png\",\"datePublished\":\"2019-06-13T10:10:39+00:00\",\"dateModified\":\"2019-07-03T14:42:33+00:00\",\"description\":\"Le Smartsitting - garde d'enfants et babysitting cr\u00e9atif et Montessori, vous trouve la nounou top. Dessin, musique, anglais ou aide aux devoirs \u00e0 la maison.\",\"breadcrumb\":{\"@id\":\"https:\\\/\\\/lesmartsitting.fr\\\/blog\\\/nounou-top-le-smartsitting-garde-denfant\\\/#breadcrumb\"},\"inLanguage\":\"fr-FR\",\"potentialAction\":[{\"@type\":\"ReadAction\",\"target\":[\"https:\\\/\\\/lesmartsitting.fr\\\/blog\\\/nounou-top-le-smartsitting-garde-denfant\\\/\"]}]},{\"@type\":\"ImageObject\",\"inLanguage\":\"fr-FR\",\"@id\":\"https:\\\/\\\/lesmartsitting.fr\\\/blog\\\/nounou-top-le-smartsitting-garde-denfant\\\/#primaryimage\",\"url\":\"https:\\\/\\\/lesmartsitting.fr\\\/blog\\\/wp-content\\\/uploads\\\/2019\\\/06\\\/1.png\",\"contentUrl\":\"https:\\\/\\\/lesmartsitting.fr\\\/blog\\\/wp-content\\\/uploads\\\/2019\\\/06\\\/1.png\",\"width\":512,\"height\":512},{\"@type\":\"BreadcrumbList\",\"@id\":\"https:\\\/\\\/lesmartsitting.fr\\\/blog\\\/nounou-top-le-smartsitting-garde-denfant\\\/#breadcrumb\",\"itemListElement\":[{\"@type\":\"ListItem\",\"position\":1,\"name\":\"Accueil\",\"item\":\"https:\\\/\\\/lesmartsitting.fr\\\/blog\\\/\"},{\"@type\":\"ListItem\",\"position\":2,\"name\":\"Nounou top : Le Smartsitting, votre solution de garde d&rsquo;enfants\"}]},{\"@type\":\"WebSite\",\"@id\":\"https:\\\/\\\/lesmartsitting.fr\\\/blog\\\/#website\",\"url\":\"https:\\\/\\\/lesmartsitting.fr\\\/blog\\\/\",\"name\":\"Le blog du babysitting\",\"description\":\"Le lien pour tout savoir sur les jobs \u00e9tudiants\",\"publisher\":{\"@id\":\"https:\\\/\\\/lesmartsitting.fr\\\/blog\\\/#organization\"},\"potentialAction\":[{\"@type\":\"SearchAction\",\"target\":{\"@type\":\"EntryPoint\",\"urlTemplate\":\"https:\\\/\\\/lesmartsitting.fr\\\/blog\\\/?s={search_term_string}\"},\"query-input\":{\"@type\":\"PropertyValueSpecification\",\"valueRequired\":true,\"valueName\":\"search_term_string\"}}],\"inLanguage\":\"fr-FR\"},{\"@type\":\"Organization\",\"@id\":\"https:\\\/\\\/lesmartsitting.fr\\\/blog\\\/#organization\",\"name\":\"Le Smartsitting\",\"url\":\"https:\\\/\\\/lesmartsitting.fr\\\/blog\\\/\",\"logo\":{\"@type\":\"ImageObject\",\"inLanguage\":\"fr-FR\",\"@id\":\"https:\\\/\\\/lesmartsitting.fr\\\/blog\\\/#\\\/schema\\\/logo\\\/image\\\/\",\"url\":\"https:\\\/\\\/lesmartsitting.fr\\\/blog\\\/wp-content\\\/uploads\\\/2022\\\/03\\\/logo-petit.jpg\",\"contentUrl\":\"https:\\\/\\\/lesmartsitting.fr\\\/blog\\\/wp-content\\\/uploads\\\/2022\\\/03\\\/logo-petit.jpg\",\"width\":149,\"height\":116,\"caption\":\"Le Smartsitting\"},\"image\":{\"@id\":\"https:\\\/\\\/lesmartsitting.fr\\\/blog\\\/#\\\/schema\\\/logo\\\/image\\\/\"}}]}<\/script>\n<!-- \/ Yoast SEO plugin. -->","yoast_head_json":{"title":"Nounou top : Le Smartsitting, votre solution de garde d'enfants","description":"Le Smartsitting - garde d'enfants et babysitting cr\u00e9atif et Montessori, vous trouve la nounou top. Dessin, musique, anglais ou aide aux devoirs \u00e0 la maison.","robots":{"index":"index","follow":"follow","max-snippet":"max-snippet:-1","max-image-preview":"max-image-preview:large","max-video-preview":"max-video-preview:-1"},"canonical":"https:\/\/lesmartsitting.fr\/blog\/nounou-top-le-smartsitting-garde-denfant\/","og_locale":"fr_FR","og_type":"article","og_title":"Le Smartsitting garde d'enfant et babysitting cr\u00e9atif \u00e0 domicile","og_description":"Trouvez un smartsitter cr\u00e9atif pour la rentr\u00e9e 2018\/2019 pour des gardes apr\u00e8s l'\u00e9cole \u00e0 la maison.","og_url":"https:\/\/lesmartsitting.fr\/blog\/nounou-top-le-smartsitting-garde-denfant\/","og_site_name":"Le blog du babysitting","article_modified_time":"2019-07-03T14:42:33+00:00","og_image":[{"width":1257,"height":650,"url":"https:\/\/lesmartsitting.fr\/blog\/wp-content\/uploads\/2019\/06\/Nounou-top-Marine-Smartsitter.png","type":"image\/png"}],"twitter_card":"summary_large_image","twitter_misc":{"Dur\u00e9e de lecture estim\u00e9e":"2 minutes"},"schema":{"@context":"https:\/\/schema.org","@graph":[{"@type":"WebPage","@id":"https:\/\/lesmartsitting.fr\/blog\/nounou-top-le-smartsitting-garde-denfant\/","url":"https:\/\/lesmartsitting.fr\/blog\/nounou-top-le-smartsitting-garde-denfant\/","name":"Nounou top : Le Smartsitting, votre solution de garde d'enfants","isPartOf":{"@id":"https:\/\/lesmartsitting.fr\/blog\/#website"},"primaryImageOfPage":{"@id":"https:\/\/lesmartsitting.fr\/blog\/nounou-top-le-smartsitting-garde-denfant\/#primaryimage"},"image":{"@id":"https:\/\/lesmartsitting.fr\/blog\/nounou-top-le-smartsitting-garde-denfant\/#primaryimage"},"thumbnailUrl":"https:\/\/lesmartsitting.fr\/blog\/wp-content\/uploads\/2019\/06\/1.png","datePublished":"2019-06-13T10:10:39+00:00","dateModified":"2019-07-03T14:42:33+00:00","description":"Le Smartsitting - garde d'enfants et babysitting cr\u00e9atif et Montessori, vous trouve la nounou top. Dessin, musique, anglais ou aide aux devoirs \u00e0 la maison.","breadcrumb":{"@id":"https:\/\/lesmartsitting.fr\/blog\/nounou-top-le-smartsitting-garde-denfant\/#breadcrumb"},"inLanguage":"fr-FR","potentialAction":[{"@type":"ReadAction","target":["https:\/\/lesmartsitting.fr\/blog\/nounou-top-le-smartsitting-garde-denfant\/"]}]},{"@type":"ImageObject","inLanguage":"fr-FR","@id":"https:\/\/lesmartsitting.fr\/blog\/nounou-top-le-smartsitting-garde-denfant\/#primaryimage","url":"https:\/\/lesmartsitting.fr\/blog\/wp-content\/uploads\/2019\/06\/1.png","contentUrl":"https:\/\/lesmartsitting.fr\/blog\/wp-content\/uploads\/2019\/06\/1.png","width":512,"height":512},{"@type":"BreadcrumbList","@id":"https:\/\/lesmartsitting.fr\/blog\/nounou-top-le-smartsitting-garde-denfant\/#breadcrumb","itemListElement":[{"@type":"ListItem","position":1,"name":"Accueil","item":"https:\/\/lesmartsitting.fr\/blog\/"},{"@type":"ListItem","position":2,"name":"Nounou top : Le Smartsitting, votre solution de garde d&rsquo;enfants"}]},{"@type":"WebSite","@id":"https:\/\/lesmartsitting.fr\/blog\/#website","url":"https:\/\/lesmartsitting.fr\/blog\/","name":"Le blog du babysitting","description":"Le lien pour tout savoir sur les jobs \u00e9tudiants","publisher":{"@id":"https:\/\/lesmartsitting.fr\/blog\/#organization"},"potentialAction":[{"@type":"SearchAction","target":{"@type":"EntryPoint","urlTemplate":"https:\/\/lesmartsitting.fr\/blog\/?s={search_term_string}"},"query-input":{"@type":"PropertyValueSpecification","valueRequired":true,"valueName":"search_term_string"}}],"inLanguage":"fr-FR"},{"@type":"Organization","@id":"https:\/\/lesmartsitting.fr\/blog\/#organization","name":"Le Smartsitting","url":"https:\/\/lesmartsitting.fr\/blog\/","logo":{"@type":"ImageObject","inLanguage":"fr-FR","@id":"https:\/\/lesmartsitting.fr\/blog\/#\/schema\/logo\/image\/","url":"https:\/\/lesmartsitting.fr\/blog\/wp-content\/uploads\/2022\/03\/logo-petit.jpg","contentUrl":"https:\/\/lesmartsitting.fr\/blog\/wp-content\/uploads\/2022\/03\/logo-petit.jpg","width":149,"height":116,"caption":"Le Smartsitting"},"image":{"@id":"https:\/\/lesmartsitting.fr\/blog\/#\/schema\/logo\/image\/"}}]}},"_links":{"self":[{"href":"https:\/\/lesmartsitting.fr\/blog\/wp-json\/wp\/v2\/pages\/891","targetHints":{"allow":["GET"]}}],"collection":[{"href":"https:\/\/lesmartsitting.fr\/blog\/wp-json\/wp\/v2\/pages"}],"about":[{"href":"https:\/\/lesmartsitting.fr\/blog\/wp-json\/wp\/v2\/types\/page"}],"author":[{"embeddable":true,"href":"https:\/\/lesmartsitting.fr\/blog\/wp-json\/wp\/v2\/users\/1"}],"replies":[{"embeddable":true,"href":"https:\/\/lesmartsitting.fr\/blog\/wp-json\/wp\/v2\/comments?post=891"}],"version-history":[{"count":27,"href":"https:\/\/lesmartsitting.fr\/blog\/wp-json\/wp\/v2\/pages\/891\/revisions"}],"predecessor-version":[{"id":1029,"href":"https:\/\/lesmartsitting.fr\/blog\/wp-json\/wp\/v2\/pages\/891\/revisions\/1029"}],"wp:attachment":[{"href":"https:\/\/lesmartsitting.fr\/blog\/wp-json\/wp\/v2\/media?parent=891"}],"curies":[{"name":"wp","href":"https:\/\/api.w.org\/{rel}","templated":true}]}}